{"id":1701,"date":"2022-08-11T10:16:14","date_gmt":"2022-08-11T08:16:14","guid":{"rendered":"https:\/\/gselectronic.de\/?page_id=1701"},"modified":"2022-08-25T19:42:19","modified_gmt":"2022-08-25T17:42:19","slug":"demo-screen-printer-to-sell-like-new","status":"publish","type":"page","link":"https:\/\/gselectronic.de\/en\/demo-screen-printer-to-sell-like-new\/","title":{"rendered":"Demo Screen Printer to sell (like new!)"},"content":{"rendered":"<p><strong><em>Demo Screen Printer Model MSP-485 with u-LIGN IV<\/em><\/strong><\/p>\n<p>The Model MSP-485 is designed to provide reliable performance, precision printing, and consistent, repeatable results. Standard features include the Mark III Torsion Bar Squeegee Head, Manual Adjusting Vacuum Lock XYq Stage Positioner, 12&#8243; x 12&#8243; ID Screen Frame Capacity, PLC machine control, programmable process delays and rigid design and construction for years of reliable service.<\/p>\n<p>&nbsp;<\/p>\n<p>A PC based manual vision alignment system is available on this printer.\u00a0 The U-Lign IV\u2122 system offers four alignment methods including boundary tracking, full image overlay, adjustable dual crosshairs and adjustable ellipse. The U-lign IV\u2122 also includes an Alignment Lock Out feature which requires precise operator alignment to the manager&#8217;s set tolerance prior to printing. The system includes a 20&#8243; color monitor, two high resolution CCD cameras, optical mouse interface, image zoom, and measurement capabilities.<\/p>\n<p><strong>The demo machine is as new. It was used for demonstatrations on trade shows only. The printer can be delivered on short notice.<\/strong><\/p>\n<p><strong>Siebdruck-Vorf\u00fchrmaschine Modell MSP-485 mit u-LIGN IV<\/strong><\/p>\n<p>Die Pr\u00e4zisions-Siebdruckmaschine Modell MSP-485 bietet eine zuverl\u00e4ssige Leistung und konsistente, wiederholbare Druckergebnisse. Zu den Standardmerkmalen geh\u00f6ren der Mark III Torsionsstab-Rakelkopf, ein manuell einstellbarer XY-Tisch mit Vakuumverriegelung, eine Siebgr\u00f6\u00dfe von 12&#8243; x 12&#8243; Innenma\u00df, eine SPS-Maschinensteuerung, programmierbare Prozessverz\u00f6gerungen und eine robuste Konstruktion f\u00fcr jahrelangen zuverl\u00e4ssigen Betrieb.<\/p>\n<p>Der Siebdrucker ist mit einem PC-basierten manuellen Vision System ausgestattet. Das u-Lign IV\u2122-System bietet vier Ausrichtungsmethoden, einschlie\u00dflich Boundary Tracking, Image Overlay, einstellbares Doppel-Fadenkreuz und einstellbare Ellipse. Das u-Lign IV\u2122-System verf\u00fcgt au\u00dferdem \u00fcber eine Ausl\u00f6sesperre, die eine pr\u00e4zise Ausrichtung durch den Bediener gem\u00e4\u00df der vom Manager festgelegten Toleranz vor dem Druck erfordert. Das System umfasst einen 20-Zoll-Farbmonitor, zwei hochaufl\u00f6sende CCD-Kameras, eine optische Mausschnittstelle, Bildzoom und Messfunktionen.<\/p>\n<p><strong>Die Vorf\u00fchrmaschine ist wie neu. Sie wurde nur auf Messen ausgestellt. Die Maschine kann kurzfristig geliefert werden.<\/strong><\/p>\n","protected":false},"excerpt":{"rendered":"<p>Demo Screen Printer Model MSP-485 with u-LIGN IV The Model MSP-485 is designed to provide reliable performance, precision printing, and consistent, repeatable results. Standard features include the Mark III Torsion Bar Squeegee Head, Manual Adjusting Vacuum Lock XYq Stage Positioner, 12&#8243; x 12&#8243; ID Screen Frame Capacity, PLC machine control, programmable process delays and rigid [&hellip;]<\/p>\n","protected":false},"author":3,"featured_media":0,"parent":0,"menu_order":0,"comment_status":"closed","ping_status":"closed","template":"page-components.php","meta":{"footnotes":""},"class_list":["post-1701","page","type-page","status-publish","hentry"],"acf":[],"_links":{"self":[{"href":"https:\/\/gselectronic.de\/en\/wp-json\/wp\/v2\/pages\/1701","targetHints":{"allow":["GET"]}}],"collection":[{"href":"https:\/\/gselectronic.de\/en\/wp-json\/wp\/v2\/pages"}],"about":[{"href":"https:\/\/gselectronic.de\/en\/wp-json\/wp\/v2\/types\/page"}],"author":[{"embeddable":true,"href":"https:\/\/gselectronic.de\/en\/wp-json\/wp\/v2\/users\/3"}],"replies":[{"embeddable":true,"href":"https:\/\/gselectronic.de\/en\/wp-json\/wp\/v2\/comments?post=1701"}],"version-history":[{"count":6,"href":"https:\/\/gselectronic.de\/en\/wp-json\/wp\/v2\/pages\/1701\/revisions"}],"predecessor-version":[{"id":1977,"href":"https:\/\/gselectronic.de\/en\/wp-json\/wp\/v2\/pages\/1701\/revisions\/1977"}],"wp:attachment":[{"href":"https:\/\/gselectronic.de\/en\/wp-json\/wp\/v2\/media?parent=1701"}],"curies":[{"name":"wp","href":"https:\/\/api.w.org\/{rel}","templated":true}]}}