{"id":1310,"date":"2022-02-15T15:27:16","date_gmt":"2022-02-15T14:27:16","guid":{"rendered":"https:\/\/gselectronic.de\/ueber-uns\/"},"modified":"2023-11-06T15:47:33","modified_gmt":"2023-11-06T14:47:33","slug":"about","status":"publish","type":"page","link":"https:\/\/gselectronic.de\/en\/about\/","title":{"rendered":"About GS Electronic GmbH &#038; Co. KG"},"content":{"rendered":"<h1 id=\"cc-m-header-9597333565\" class=\"\">Ihr Partner in Europa<\/h1>\n<p>GS Electronic GmbH &amp; Co. KG liefert seit \u00fcber 30 Jahren erfolgreich Siebdruckmaschinen, \u00d6fen und Inspektionssysteme f\u00fcr Labor, Forschung und Produktion. Die Produktpalette beinhaltet Siebdruckanlagen, Handlingsysteme, Inspektions-systeme, Konvektions\u00f6fen, Kammer\u00f6fen, Reinraum\u00f6fen, Klimaschr\u00e4nke, gro\u00dfvolumige Industrie\u00f6fen, Durchlauf\u00f6fen, Infrarot-, Trocken- und Einbrenn\u00f6fen sowie Laser Trimmer.<\/p>\n<p>Unser Firmensitz in Fulda (Hessen) liegt verkehrsg\u00fcnstig im Herzen\u00a0Deutschlands mit 1 Stunde Fahrtzeit zum Flughafen Frankfurt\/Main, 3\u00a0Stunden nach M\u00fcnchen, 4 Stunden nach Hamburg, Dresden oder Berlin, ICE-Bahnhof mit st\u00fcndlichen Verbindungen in alle gro\u00dfen St\u00e4dte.<\/p>\n<p>1987 von Wolfgang Glockner und Ludwig Schuhmann gegr\u00fcndet, hat sich GS\u00a0Electronic durch Kundenn\u00e4he, hervorragenden Service und hochwertige Produkte etabliert. Heute z\u00e4hlen viele namhafte\u00a0Hersteller von elektronischen Bauelementen sowie PV-Wafern, Solarzellen\u00a0und Modulen in ganz Europa zu unseren Partnern und Kunden.<\/p>\n<p>Im August 2012 wurde eine neue Abteilung mit Ausstellung f\u00fcr den Vertrieb von Infrarotheizungen f\u00fcr Wohnungen und Gewerbe er\u00f6ffnet.<\/p>\n","protected":false},"excerpt":{"rendered":"<p>Ihr Partner in Europa GS Electronic GmbH &amp; Co. KG liefert seit \u00fcber 30 Jahren erfolgreich Siebdruckmaschinen, \u00d6fen und Inspektionssysteme f\u00fcr Labor, Forschung und Produktion. Die Produktpalette beinhaltet Siebdruckanlagen, Handlingsysteme, Inspektions-systeme, Konvektions\u00f6fen, Kammer\u00f6fen, Reinraum\u00f6fen, Klimaschr\u00e4nke, gro\u00dfvolumige Industrie\u00f6fen, Durchlauf\u00f6fen, Infrarot-, Trocken- und Einbrenn\u00f6fen sowie Laser Trimmer. Unser Firmensitz in Fulda (Hessen) liegt verkehrsg\u00fcnstig im Herzen\u00a0Deutschlands mit [&hellip;]<\/p>\n","protected":false},"author":2,"featured_media":0,"parent":0,"menu_order":0,"comment_status":"closed","ping_status":"closed","template":"page-components.php","meta":{"footnotes":""},"class_list":["post-1310","page","type-page","status-publish","hentry"],"acf":[],"_links":{"self":[{"href":"https:\/\/gselectronic.de\/en\/wp-json\/wp\/v2\/pages\/1310","targetHints":{"allow":["GET"]}}],"collection":[{"href":"https:\/\/gselectronic.de\/en\/wp-json\/wp\/v2\/pages"}],"about":[{"href":"https:\/\/gselectronic.de\/en\/wp-json\/wp\/v2\/types\/page"}],"author":[{"embeddable":true,"href":"https:\/\/gselectronic.de\/en\/wp-json\/wp\/v2\/users\/2"}],"replies":[{"embeddable":true,"href":"https:\/\/gselectronic.de\/en\/wp-json\/wp\/v2\/comments?post=1310"}],"version-history":[{"count":10,"href":"https:\/\/gselectronic.de\/en\/wp-json\/wp\/v2\/pages\/1310\/revisions"}],"predecessor-version":[{"id":2244,"href":"https:\/\/gselectronic.de\/en\/wp-json\/wp\/v2\/pages\/1310\/revisions\/2244"}],"wp:attachment":[{"href":"https:\/\/gselectronic.de\/en\/wp-json\/wp\/v2\/media?parent=1310"}],"curies":[{"name":"wp","href":"https:\/\/api.w.org\/{rel}","templated":true}]}}