{"id":1298,"date":"2022-02-15T14:44:42","date_gmt":"2022-02-15T13:44:42","guid":{"rendered":"https:\/\/gselectronic.de\/products\/siebdruckmaschinen\/"},"modified":"2022-08-19T16:45:00","modified_gmt":"2022-08-19T14:45:00","slug":"screen-printing-systems","status":"publish","type":"page","link":"https:\/\/gselectronic.de\/en\/products\/screen-printing-systems\/","title":{"rendered":"Screen Printing Systems for many Applications"},"content":{"rendered":"<p>Die umfangreiche Auswahl an Siebdruckmaschinen und Zubeh\u00f6r von HMI erm\u00f6glicht kundenspezifische Siebdruckl\u00f6sungen f\u00fcr viele verschiedene Anwendungen und Materialien:<\/p>\n<ul>\n<li>Dickschicht Schaltungen<\/li>\n<li>Solarzellen<\/li>\n<li>Flexible Schaltkreise<\/li>\n<li>Kondensatoren<\/li>\n<li>SMD &#8211; Technik<\/li>\n<li>Wafer<\/li>\n<li>Mikroelektronik<\/li>\n<\/ul>\n<p>Hersteller wie HMI investieren st\u00e4ndig in neue Anwendungsbereiche f\u00fcr ihre bew\u00e4hrten Siebdrucksysteme. Bitte kontaktieren Sie uns, wenn Sie mehr \u00fcber unsere kundenspezifischen Siebdruckanlagen erfahren m\u00f6chten oder wenn Sie Service oder Wartung f\u00fcr Ihre bestehende Siebdruckanlage w\u00fcnschen.<\/p>\n","protected":false},"excerpt":{"rendered":"<p>Die umfangreiche Auswahl an Siebdruckmaschinen und Zubeh\u00f6r von HMI erm\u00f6glicht kundenspezifische Siebdruckl\u00f6sungen f\u00fcr viele verschiedene Anwendungen und Materialien: Dickschicht Schaltungen Solarzellen Flexible Schaltkreise Kondensatoren SMD &#8211; Technik Wafer Mikroelektronik Hersteller wie HMI investieren st\u00e4ndig in neue Anwendungsbereiche f\u00fcr ihre bew\u00e4hrten Siebdrucksysteme. Bitte kontaktieren Sie uns, wenn Sie mehr \u00fcber unsere kundenspezifischen Siebdruckanlagen erfahren m\u00f6chten oder [&hellip;]<\/p>\n","protected":false},"author":2,"featured_media":0,"parent":1249,"menu_order":0,"comment_status":"closed","ping_status":"closed","template":"page-components.php","meta":{"footnotes":""},"class_list":["post-1298","page","type-page","status-publish","hentry"],"acf":[],"_links":{"self":[{"href":"https:\/\/gselectronic.de\/en\/wp-json\/wp\/v2\/pages\/1298","targetHints":{"allow":["GET"]}}],"collection":[{"href":"https:\/\/gselectronic.de\/en\/wp-json\/wp\/v2\/pages"}],"about":[{"href":"https:\/\/gselectronic.de\/en\/wp-json\/wp\/v2\/types\/page"}],"author":[{"embeddable":true,"href":"https:\/\/gselectronic.de\/en\/wp-json\/wp\/v2\/users\/2"}],"replies":[{"embeddable":true,"href":"https:\/\/gselectronic.de\/en\/wp-json\/wp\/v2\/comments?post=1298"}],"version-history":[{"count":10,"href":"https:\/\/gselectronic.de\/en\/wp-json\/wp\/v2\/pages\/1298\/revisions"}],"predecessor-version":[{"id":1916,"href":"https:\/\/gselectronic.de\/en\/wp-json\/wp\/v2\/pages\/1298\/revisions\/1916"}],"up":[{"embeddable":true,"href":"https:\/\/gselectronic.de\/en\/wp-json\/wp\/v2\/pages\/1249"}],"wp:attachment":[{"href":"https:\/\/gselectronic.de\/en\/wp-json\/wp\/v2\/media?parent=1298"}],"curies":[{"name":"wp","href":"https:\/\/api.w.org\/{rel}","templated":true}]}}