{"id":1293,"date":"2022-02-15T14:47:27","date_gmt":"2022-02-15T13:47:27","guid":{"rendered":"https:\/\/gselectronic.de\/manufacturers\/scancad-international\/"},"modified":"2022-08-18T16:29:00","modified_gmt":"2022-08-18T14:29:00","slug":"scancad-international","status":"publish","type":"page","link":"https:\/\/gselectronic.de\/en\/manufacturers\/scancad-international\/","title":{"rendered":"ScanCAD International"},"content":{"rendered":"<p><img loading=\"lazy\" decoding=\"async\" class=\"size-medium wp-image-357 alignright\" src=\"https:\/\/gselectronic.de\/wp-content\/uploads\/2022\/03\/scancad_logo-rev-300x98.png\" alt=\"\" width=\"300\" height=\"98\" srcset=\"https:\/\/gselectronic.de\/wp-content\/uploads\/2022\/03\/scancad_logo-rev-300x98.png 300w, https:\/\/gselectronic.de\/wp-content\/uploads\/2022\/03\/scancad_logo-rev-420x137.png 420w, https:\/\/gselectronic.de\/wp-content\/uploads\/2022\/03\/scancad_logo-rev.png 576w\" sizes=\"auto, (max-width: 300px) 100vw, 300px\" \/>ScanCAD International\u00a0bietet Fertigungsprozesskontrolle einschlie\u00dflich Inspektion, Messung, Programmierung und \u00dcberpr\u00fcfung. Ebenfalls im Programm sind Inspektionssysteme zur automatischen offline und inline Inspektion zur Verbesserung der Qualit\u00e4t, Minimierung von Ausschuss und Reduzierung der Kosten. ScanCAD liefert auch ein System zur R\u00fcckentwicklung von Leiterplatten, um z. B. verloren gegangene Schaltpl\u00e4ne zu erstellen.<\/p>\n","protected":false},"excerpt":{"rendered":"<p>ScanCAD International\u00a0bietet Fertigungsprozesskontrolle einschlie\u00dflich Inspektion, Messung, Programmierung und \u00dcberpr\u00fcfung. Ebenfalls im Programm sind Inspektionssysteme zur automatischen offline und inline Inspektion zur Verbesserung der Qualit\u00e4t, Minimierung von Ausschuss und Reduzierung der Kosten. ScanCAD liefert auch ein System zur R\u00fcckentwicklung von Leiterplatten, um z. B. verloren gegangene Schaltpl\u00e4ne zu erstellen.<\/p>\n","protected":false},"author":2,"featured_media":0,"parent":1214,"menu_order":0,"comment_status":"closed","ping_status":"closed","template":"page-components.php","meta":{"footnotes":""},"class_list":["post-1293","page","type-page","status-publish","hentry"],"acf":[],"_links":{"self":[{"href":"https:\/\/gselectronic.de\/en\/wp-json\/wp\/v2\/pages\/1293","targetHints":{"allow":["GET"]}}],"collection":[{"href":"https:\/\/gselectronic.de\/en\/wp-json\/wp\/v2\/pages"}],"about":[{"href":"https:\/\/gselectronic.de\/en\/wp-json\/wp\/v2\/types\/page"}],"author":[{"embeddable":true,"href":"https:\/\/gselectronic.de\/en\/wp-json\/wp\/v2\/users\/2"}],"replies":[{"embeddable":true,"href":"https:\/\/gselectronic.de\/en\/wp-json\/wp\/v2\/comments?post=1293"}],"version-history":[{"count":8,"href":"https:\/\/gselectronic.de\/en\/wp-json\/wp\/v2\/pages\/1293\/revisions"}],"predecessor-version":[{"id":1881,"href":"https:\/\/gselectronic.de\/en\/wp-json\/wp\/v2\/pages\/1293\/revisions\/1881"}],"up":[{"embeddable":true,"href":"https:\/\/gselectronic.de\/en\/wp-json\/wp\/v2\/pages\/1214"}],"wp:attachment":[{"href":"https:\/\/gselectronic.de\/en\/wp-json\/wp\/v2\/media?parent=1293"}],"curies":[{"name":"wp","href":"https:\/\/api.w.org\/{rel}","templated":true}]}}