{"id":1253,"date":"2022-02-15T14:44:11","date_gmt":"2022-02-15T13:44:11","guid":{"rendered":"https:\/\/gselectronic.de\/manufacturers\/hmi\/"},"modified":"2022-08-18T15:48:29","modified_gmt":"2022-08-18T13:48:29","slug":"hmi","status":"publish","type":"page","link":"https:\/\/gselectronic.de\/en\/manufacturers\/hmi\/","title":{"rendered":"Hary Manufacturing Inc. &#8211; HMI"},"content":{"rendered":"<p><img loading=\"lazy\" decoding=\"async\" class=\"size-full wp-image-35 alignright\" src=\"https:\/\/gselectronic.de\/wp-content\/uploads\/2022\/02\/logo-hmi.jpg\" alt=\"\" width=\"600\" height=\"400\" srcset=\"https:\/\/gselectronic.de\/wp-content\/uploads\/2022\/02\/logo-hmi.jpg 600w, https:\/\/gselectronic.de\/wp-content\/uploads\/2022\/02\/logo-hmi-300x200.jpg 300w, https:\/\/gselectronic.de\/wp-content\/uploads\/2022\/02\/logo-hmi-420x280.jpg 420w\" sizes=\"auto, (max-width: 600px) 100vw, 600px\" \/><\/p>\n<p>HMI ist ein weltweiter Anbieter von Pr\u00e4zisionssiebdruck- und Handhabungsger\u00e4ten f\u00fcr die Elektronikindustrie. Mit seiner jahrzehntelangen Erfahrung mit Siebdruckmaschinen, Trocken\u00f6fen, optischen Ausrichtungssystemen und automatischen Handling Systemen bietet HMI zuverl\u00e4ssige L\u00f6sungen f\u00fcr viele Anwendungen in Labor und Produktion. Ob Medizintechnik, Raumfahrttechnik, Milit\u00e4rtechnik, allgemeine Elektronikindustrie oder Solar\/Photovoltaik \u2013 HMI hat die L\u00f6sung f\u00fcr Ihre Anwendung.<\/p>\n<p>Pr\u00e4zisionssiebdrucker und Automatisierungsger\u00e4te<\/p>\n<p>HMI ist ein f\u00fchrender Hersteller von Sieb- und Schablonendruckmaschinen f\u00fcr die Dickschicht-, Hybrid- und Oberfl\u00e4chenmontageindustrie. Zu den erg\u00e4nzenden Produkten geh\u00f6ren IR-Trockner, optische Ausrichtungssysteme und L\u00f6sungen f\u00fcr das Teilehandling f\u00fcr eine Reihe von industriellen Anwendungen.<\/p>\n<p>Erweitern Sie Ihre Produktionskapazit\u00e4ten mit einer kompletten Automatisierungsl\u00f6sung von HMI. Unsere automatisierten Siebdrucksysteme sind in halbautomatischen oder vollautomatischen Linien erh\u00e4ltlich, je nach Ihrer spezifischen Anwendung. Diese Systeme bieten eine einfache Einrichtung, ein benutzerfreundliches Design und eine hohe Pr\u00e4zision und Widerholgenauigkeit.<\/p>\n","protected":false},"excerpt":{"rendered":"<p>HMI ist ein weltweiter Anbieter von Pr\u00e4zisionssiebdruck- und Handhabungsger\u00e4ten f\u00fcr die Elektronikindustrie. Mit seiner jahrzehntelangen Erfahrung mit Siebdruckmaschinen, Trocken\u00f6fen, optischen Ausrichtungssystemen und automatischen Handling Systemen bietet HMI zuverl\u00e4ssige L\u00f6sungen f\u00fcr viele Anwendungen in Labor und Produktion. Ob Medizintechnik, Raumfahrttechnik, Milit\u00e4rtechnik, allgemeine Elektronikindustrie oder Solar\/Photovoltaik \u2013 HMI hat die L\u00f6sung f\u00fcr Ihre Anwendung. Pr\u00e4zisionssiebdrucker und Automatisierungsger\u00e4te [&hellip;]<\/p>\n","protected":false},"author":2,"featured_media":0,"parent":1214,"menu_order":0,"comment_status":"closed","ping_status":"closed","template":"page-components.php","meta":{"footnotes":""},"class_list":["post-1253","page","type-page","status-publish","hentry"],"acf":[],"_links":{"self":[{"href":"https:\/\/gselectronic.de\/en\/wp-json\/wp\/v2\/pages\/1253","targetHints":{"allow":["GET"]}}],"collection":[{"href":"https:\/\/gselectronic.de\/en\/wp-json\/wp\/v2\/pages"}],"about":[{"href":"https:\/\/gselectronic.de\/en\/wp-json\/wp\/v2\/types\/page"}],"author":[{"embeddable":true,"href":"https:\/\/gselectronic.de\/en\/wp-json\/wp\/v2\/users\/2"}],"replies":[{"embeddable":true,"href":"https:\/\/gselectronic.de\/en\/wp-json\/wp\/v2\/comments?post=1253"}],"version-history":[{"count":8,"href":"https:\/\/gselectronic.de\/en\/wp-json\/wp\/v2\/pages\/1253\/revisions"}],"predecessor-version":[{"id":1873,"href":"https:\/\/gselectronic.de\/en\/wp-json\/wp\/v2\/pages\/1253\/revisions\/1873"}],"up":[{"embeddable":true,"href":"https:\/\/gselectronic.de\/en\/wp-json\/wp\/v2\/pages\/1214"}],"wp:attachment":[{"href":"https:\/\/gselectronic.de\/en\/wp-json\/wp\/v2\/media?parent=1253"}],"curies":[{"name":"wp","href":"https:\/\/api.w.org\/{rel}","templated":true}]}}