{"id":1201,"date":"2022-02-15T14:50:22","date_gmt":"2022-02-15T13:50:22","guid":{"rendered":"https:\/\/gselectronic.de\/austin-america-technology\/"},"modified":"2022-08-18T15:40:53","modified_gmt":"2022-08-18T13:40:53","slug":"austin-america-technology","status":"publish","type":"page","link":"https:\/\/gselectronic.de\/en\/manufacturers\/austin-america-technology\/","title":{"rendered":"Austin American Technology"},"content":{"rendered":"<figure id=\"attachment_32\" aria-describedby=\"caption-attachment-32\" class=\"wp-caption alignright\"><img loading=\"lazy\" decoding=\"async\" class=\"wp-image-32 size-full\" src=\"https:\/\/gselectronic.de\/wp-content\/uploads\/2022\/02\/logo-aat.jpg\" alt=\"\" width=\"600\" height=\"400\" \/><figcaption id=\"caption-attachment-32\" class=\"wp-caption-text\">AAT &#8211; Der Branchenf\u00fchrer in der Reinigungstechnologie<\/figcaption><\/figure>\n<p>AAT &#8211; Reinigungsanlagen wurden nach den neuesten wissenschaftlichen Kenntnissen f\u00fcr die Reinigung von allgemeinen bis h\u00f6chsten Anforderungen entwickelt. Die verschiedenen Anlagen umfassen Chargenreiniger, Inline-Reiniger, Schablonen- und Leiterplattenreiniger, arbeiten w\u00e4ssrig oder mit L\u00f6sungsmittel und spr\u00fchen in Luft oder eingetaucht mit Ultraschall. Einige Reinigungsanlagen werden mit einem integrierten ROSE Tester angeboten.<\/p>\n<p>Zu den Anwendungen geh\u00f6ren die Reinigung von Solarmodulen, Komponenten f\u00fcr Medizin, Milit\u00e4r, Luft- und Raumfahrt, Reinigung von Leiterplatten (w\u00e4ssrig und halbw\u00e4ssrig), SMT, Flip-Chip, BGA und vieles mehr.<\/p>\n","protected":false},"excerpt":{"rendered":"<p>AAT &#8211; Reinigungsanlagen wurden nach den neuesten wissenschaftlichen Kenntnissen f\u00fcr die Reinigung von allgemeinen bis h\u00f6chsten Anforderungen entwickelt. Die verschiedenen Anlagen umfassen Chargenreiniger, Inline-Reiniger, Schablonen- und Leiterplattenreiniger, arbeiten w\u00e4ssrig oder mit L\u00f6sungsmittel und spr\u00fchen in Luft oder eingetaucht mit Ultraschall. Einige Reinigungsanlagen werden mit einem integrierten ROSE Tester angeboten. Zu den Anwendungen geh\u00f6ren die Reinigung [&hellip;]<\/p>\n","protected":false},"author":2,"featured_media":0,"parent":1214,"menu_order":0,"comment_status":"closed","ping_status":"closed","template":"page-components.php","meta":{"footnotes":""},"class_list":["post-1201","page","type-page","status-publish","hentry"],"acf":[],"_links":{"self":[{"href":"https:\/\/gselectronic.de\/en\/wp-json\/wp\/v2\/pages\/1201","targetHints":{"allow":["GET"]}}],"collection":[{"href":"https:\/\/gselectronic.de\/en\/wp-json\/wp\/v2\/pages"}],"about":[{"href":"https:\/\/gselectronic.de\/en\/wp-json\/wp\/v2\/types\/page"}],"author":[{"embeddable":true,"href":"https:\/\/gselectronic.de\/en\/wp-json\/wp\/v2\/users\/2"}],"replies":[{"embeddable":true,"href":"https:\/\/gselectronic.de\/en\/wp-json\/wp\/v2\/comments?post=1201"}],"version-history":[{"count":8,"href":"https:\/\/gselectronic.de\/en\/wp-json\/wp\/v2\/pages\/1201\/revisions"}],"predecessor-version":[{"id":1872,"href":"https:\/\/gselectronic.de\/en\/wp-json\/wp\/v2\/pages\/1201\/revisions\/1872"}],"up":[{"embeddable":true,"href":"https:\/\/gselectronic.de\/en\/wp-json\/wp\/v2\/pages\/1214"}],"wp:attachment":[{"href":"https:\/\/gselectronic.de\/en\/wp-json\/wp\/v2\/media?parent=1201"}],"curies":[{"name":"wp","href":"https:\/\/api.w.org\/{rel}","templated":true}]}}