{"id":1189,"date":"2022-02-15T14:49:38","date_gmt":"2022-02-15T13:49:38","guid":{"rendered":"https:\/\/gselectronic.de\/reverse-engineering-systeme\/"},"modified":"2022-08-25T14:33:35","modified_gmt":"2022-08-25T12:33:35","slug":"reverse-engineering-systems","status":"publish","type":"page","link":"https:\/\/gselectronic.de\/en\/products\/reverse-engineering-systems\/","title":{"rendered":"PCB Reverse Engineering, Redesign &#038; Repair"},"content":{"rendered":"<p><img loading=\"lazy\" decoding=\"async\" class=\"alignright size-medium wp-image-604\" src=\"https:\/\/gselectronic.de\/wp-content\/uploads\/2022\/03\/screenhunter-300x171.png\" alt=\"\" width=\"300\" height=\"171\" srcset=\"https:\/\/gselectronic.de\/wp-content\/uploads\/2022\/03\/screenhunter-300x171.png 300w, https:\/\/gselectronic.de\/wp-content\/uploads\/2022\/03\/screenhunter-768x437.png 768w, https:\/\/gselectronic.de\/wp-content\/uploads\/2022\/03\/screenhunter-420x239.png 420w, https:\/\/gselectronic.de\/wp-content\/uploads\/2022\/03\/screenhunter.png 800w\" sizes=\"auto, (max-width: 300px) 100vw, 300px\" \/>ScanCAD ist Anbieter eines weltweit einmaligen Systems, das eine physische Leiterplatte vollst\u00e4ndig zur\u00fcckentwickeln kann, um vollst\u00e4ndige CAD-Daten f\u00fcr die Fertigung und sogar Schaltpl\u00e4ne im originalen Format zu liefern. Das System ist in der Lage, pr\u00e4zise Form, Passform und Funktion f\u00fcr alle Lagen der Leiterplatte zu erfassen, einschlie\u00dflich aller Innenlagen-Geometrien, Bohrungen, Beschichtungen und Lagenst\u00e4rken, Ausschnitte, Umrisse, Siebdrucke und sogar blinde oder verdeckte Durchkontaktierungen.<\/p>\n<p>Die aus dem PCB Reverse Engineering gewonnenen Daten k\u00f6nnen entweder f\u00fcr die Herstellung von Ersatzleiterplatten oder f\u00fcr die Reparatur vorhandener Teile verwendet werden, wenn keine Schaltpl\u00e4ne mehr zur Verf\u00fcgung stehen.<\/p>\n","protected":false},"excerpt":{"rendered":"<p>ScanCAD ist Anbieter eines weltweit einmaligen Systems, das eine physische Leiterplatte vollst\u00e4ndig zur\u00fcckentwickeln kann, um vollst\u00e4ndige CAD-Daten f\u00fcr die Fertigung und sogar Schaltpl\u00e4ne im originalen Format zu liefern. Das System ist in der Lage, pr\u00e4zise Form, Passform und Funktion f\u00fcr alle Lagen der Leiterplatte zu erfassen, einschlie\u00dflich aller Innenlagen-Geometrien, Bohrungen, Beschichtungen und Lagenst\u00e4rken, Ausschnitte, Umrisse, [&hellip;]<\/p>\n","protected":false},"author":2,"featured_media":0,"parent":1249,"menu_order":0,"comment_status":"closed","ping_status":"closed","template":"page-components.php","meta":{"footnotes":""},"class_list":["post-1189","page","type-page","status-publish","hentry"],"acf":[],"_links":{"self":[{"href":"https:\/\/gselectronic.de\/en\/wp-json\/wp\/v2\/pages\/1189","targetHints":{"allow":["GET"]}}],"collection":[{"href":"https:\/\/gselectronic.de\/en\/wp-json\/wp\/v2\/pages"}],"about":[{"href":"https:\/\/gselectronic.de\/en\/wp-json\/wp\/v2\/types\/page"}],"author":[{"embeddable":true,"href":"https:\/\/gselectronic.de\/en\/wp-json\/wp\/v2\/users\/2"}],"replies":[{"embeddable":true,"href":"https:\/\/gselectronic.de\/en\/wp-json\/wp\/v2\/comments?post=1189"}],"version-history":[{"count":9,"href":"https:\/\/gselectronic.de\/en\/wp-json\/wp\/v2\/pages\/1189\/revisions"}],"predecessor-version":[{"id":1967,"href":"https:\/\/gselectronic.de\/en\/wp-json\/wp\/v2\/pages\/1189\/revisions\/1967"}],"up":[{"embeddable":true,"href":"https:\/\/gselectronic.de\/en\/wp-json\/wp\/v2\/pages\/1249"}],"wp:attachment":[{"href":"https:\/\/gselectronic.de\/en\/wp-json\/wp\/v2\/media?parent=1189"}],"curies":[{"name":"wp","href":"https:\/\/api.w.org\/{rel}","templated":true}]}}