{"id":1119,"date":"2022-03-30T14:00:52","date_gmt":"2022-03-30T12:00:52","guid":{"rendered":"https:\/\/gselectronic.de\/siebdruck-verbrauchsmaterial\/"},"modified":"2022-08-19T16:48:16","modified_gmt":"2022-08-19T14:48:16","slug":"printing-consumables","status":"publish","type":"page","link":"https:\/\/gselectronic.de\/en\/printing-consumables\/","title":{"rendered":"Screen Printing Consumables"},"content":{"rendered":"<p>&#8220;SHAMI&#8221;-T\u00fccher f\u00fcr die Reinigung von Sieben, Druckern, Rakeln, Substraten und anderen im Druckprozess verwendeten Werkzeugen.<\/p>\n<p>Super saugf\u00e4hig, fusselarm, ideal f\u00fcr mikroelektronische Siebdruckanwendungen. Sie werden weltweit seit vielen Jahren in der Industrie verwendet.<\/p>\n<p>\u201eSHAMI\u201c-Reinigungst\u00fccher sind erh\u00e4ltlich im Karton mit 1.200 T\u00fcchern (150 T\u00fccher pro versiegeltem Beutel, 8 Beutel in jedem Karton).<\/p>\n<p>Alternativ sind die T\u00fccher im versiegelten Beutel mit 150 T\u00fccher lieferbar.<\/p>\n","protected":false},"excerpt":{"rendered":"<p>&#8220;SHAMI&#8221;-T\u00fccher f\u00fcr die Reinigung von Sieben, Druckern, Rakeln, Substraten und anderen im Druckprozess verwendeten Werkzeugen. Super saugf\u00e4hig, fusselarm, ideal f\u00fcr mikroelektronische Siebdruckanwendungen. Sie werden weltweit seit vielen Jahren in der Industrie verwendet. \u201eSHAMI\u201c-Reinigungst\u00fccher sind erh\u00e4ltlich im Karton mit 1.200 T\u00fcchern (150 T\u00fccher pro versiegeltem Beutel, 8 Beutel in jedem Karton). Alternativ sind die T\u00fccher im [&hellip;]<\/p>\n","protected":false},"author":3,"featured_media":0,"parent":0,"menu_order":0,"comment_status":"closed","ping_status":"closed","template":"page-components.php","meta":{"footnotes":""},"class_list":["post-1119","page","type-page","status-publish","hentry"],"acf":[],"_links":{"self":[{"href":"https:\/\/gselectronic.de\/en\/wp-json\/wp\/v2\/pages\/1119","targetHints":{"allow":["GET"]}}],"collection":[{"href":"https:\/\/gselectronic.de\/en\/wp-json\/wp\/v2\/pages"}],"about":[{"href":"https:\/\/gselectronic.de\/en\/wp-json\/wp\/v2\/types\/page"}],"author":[{"embeddable":true,"href":"https:\/\/gselectronic.de\/en\/wp-json\/wp\/v2\/users\/3"}],"replies":[{"embeddable":true,"href":"https:\/\/gselectronic.de\/en\/wp-json\/wp\/v2\/comments?post=1119"}],"version-history":[{"count":10,"href":"https:\/\/gselectronic.de\/en\/wp-json\/wp\/v2\/pages\/1119\/revisions"}],"predecessor-version":[{"id":1917,"href":"https:\/\/gselectronic.de\/en\/wp-json\/wp\/v2\/pages\/1119\/revisions\/1917"}],"wp:attachment":[{"href":"https:\/\/gselectronic.de\/en\/wp-json\/wp\/v2\/media?parent=1119"}],"curies":[{"name":"wp","href":"https:\/\/api.w.org\/{rel}","templated":true}]}}