{"id":1089,"date":"2022-03-22T12:47:35","date_gmt":"2022-03-22T11:47:35","guid":{"rendered":"https:\/\/gselectronic.de\/grossvolumige-industrieoefen\/"},"modified":"2022-08-20T13:23:01","modified_gmt":"2022-08-20T11:23:01","slug":"walk-in-ovens","status":"publish","type":"page","link":"https:\/\/gselectronic.de\/en\/walk-in-ovens\/","title":{"rendered":"Walk-In\/Truck-In Ovens"},"content":{"rendered":"<p>Die gro\u00dfvolumigen \u00d6fen von Despatch k\u00f6nnen eine Vielzahl von spezifischen Produkt- und Prozessanforderungen erf\u00fcllen. Diese Industrie\u00f6fen k\u00f6nnen manuell oder mit einem Gabelstapler beladen werden. Typische Anwendungen sind: Altern, Kleben, Aush\u00e4rten, Trocknen, Backen, W\u00e4rmebehandlung, Gl\u00fchen und Spannungsabbau. Design, Herstellung, Qualit\u00e4t und Innovation der Industrie\u00f6fen von Despatch gew\u00e4hrleisten industrielle Robustheit, hervorragende Prozesskontrolle und zuverl\u00e4ssigen Betrieb.<\/p>\n<h2>Ofen Modell TAD<\/h2>\n<figure id=\"attachment_270\" aria-describedby=\"caption-attachment-270\" class=\"wp-caption alignright\"><img loading=\"lazy\" decoding=\"async\" class=\"size-medium wp-image-270\" src=\"https:\/\/gselectronic.de\/wp-content\/uploads\/2022\/03\/begehbare-oefen-modell-tfd-class-a-300x209.jpg\" alt=\"\" width=\"300\" height=\"209\" srcset=\"https:\/\/gselectronic.de\/wp-content\/uploads\/2022\/03\/begehbare-oefen-modell-tfd-class-a-300x209.jpg 300w, https:\/\/gselectronic.de\/wp-content\/uploads\/2022\/03\/begehbare-oefen-modell-tfd-class-a.jpg 309w\" sizes=\"auto, (max-width: 300px) 100vw, 300px\" \/><figcaption id=\"caption-attachment-270\" class=\"wp-caption-text\">Begehbare Despatch \u00d6fen Modell TFD Class A<\/figcaption><\/figure>\n<p>Die gro\u00dfvolumigen \u00d6fen Modell TAD sind f\u00fcr die Vielseitigkeit und Zuverl\u00e4ssigkeit industrieller Prozesse ausgelegt. Typische Anwendungen sind Altern, Kleben, Aush\u00e4rten, Trocknen, Backen, W\u00e4rmebehandlung, Gl\u00fchen und Spannungsabbau. Das Design, die Herstellung, die Qualit\u00e4t und die Innovation der Industrie\u00f6fen von Despatch gew\u00e4hrleisten industrielle Robustheit, ausgezeichnete Prozesskontrolle und zuverl\u00e4ssigen Betrieb. Der TAD-Industrieofen ist ideal f\u00fcr Anwendungen mit engen Toleranzen, bei denen keine brennbaren L\u00f6sungsmittel oder fl\u00fcchtigen Stoffe verwendet werden.<\/p>\n<p>Die Industrie\u00f6fen Modell TAD verwenden einen horizontalen Umluftstrom, um gleichm\u00e4\u00dfige Temperaturen im gesamten Ofen zu gew\u00e4hrleisten. Ein Hochleistungsventilator l\u00e4sst die Luft durch perforierte, aluminisierte Stahlw\u00e4nde zirkulieren, um einen konstanten horizontalen Luftstrom \u00fcber alle Bereiche des Ofens zu erzeugen.<\/p>\n","protected":false},"excerpt":{"rendered":"<p>Die gro\u00dfvolumigen \u00d6fen von Despatch k\u00f6nnen eine Vielzahl von spezifischen Produkt- und Prozessanforderungen erf\u00fcllen. Diese Industrie\u00f6fen k\u00f6nnen manuell oder mit einem Gabelstapler beladen werden. Typische Anwendungen sind: Altern, Kleben, Aush\u00e4rten, Trocknen, Backen, W\u00e4rmebehandlung, Gl\u00fchen und Spannungsabbau. Design, Herstellung, Qualit\u00e4t und Innovation der Industrie\u00f6fen von Despatch gew\u00e4hrleisten industrielle Robustheit, hervorragende Prozesskontrolle und zuverl\u00e4ssigen Betrieb. Ofen Modell [&hellip;]<\/p>\n","protected":false},"author":3,"featured_media":0,"parent":0,"menu_order":0,"comment_status":"closed","ping_status":"closed","template":"page-components.php","meta":{"footnotes":""},"class_list":["post-1089","page","type-page","status-publish","hentry"],"acf":[],"_links":{"self":[{"href":"https:\/\/gselectronic.de\/en\/wp-json\/wp\/v2\/pages\/1089","targetHints":{"allow":["GET"]}}],"collection":[{"href":"https:\/\/gselectronic.de\/en\/wp-json\/wp\/v2\/pages"}],"about":[{"href":"https:\/\/gselectronic.de\/en\/wp-json\/wp\/v2\/types\/page"}],"author":[{"embeddable":true,"href":"https:\/\/gselectronic.de\/en\/wp-json\/wp\/v2\/users\/3"}],"replies":[{"embeddable":true,"href":"https:\/\/gselectronic.de\/en\/wp-json\/wp\/v2\/comments?post=1089"}],"version-history":[{"count":10,"href":"https:\/\/gselectronic.de\/en\/wp-json\/wp\/v2\/pages\/1089\/revisions"}],"predecessor-version":[{"id":1939,"href":"https:\/\/gselectronic.de\/en\/wp-json\/wp\/v2\/pages\/1089\/revisions\/1939"}],"wp:attachment":[{"href":"https:\/\/gselectronic.de\/en\/wp-json\/wp\/v2\/media?parent=1089"}],"curies":[{"name":"wp","href":"https:\/\/api.w.org\/{rel}","templated":true}]}}